{"id":6778,"date":"2016-02-22T22:11:19","date_gmt":"2016-02-22T21:11:19","guid":{"rendered":"http:\/\/www.domusantiquaresidence.it\/web\/?page_id=6778"},"modified":"2016-03-14T14:02:41","modified_gmt":"2016-03-14T13:02:41","slug":"escursioni-gastronomia-in-puglia-mercati-rionali-festa-patronale","status":"publish","type":"page","link":"https:\/\/www.cortemasseriola.it\/web\/page\/escursioni-gastronomia-in-puglia-mercati-rionali-festa-patronale\/","title":{"rendered":"escursioni, gastronomia in puglia, mercati rionali, festa patronale"},"content":{"rendered":"<div id=\"x-section-1\" class=\"x-section  \" style=\" margin: 0px; padding: 0px; background-color: hsl(0, 0%, 100%);\" ><div  class=\"x-container   max width\" style=\"margin: 0px auto; padding: 0px; \"><div  class=\"x-column x-sm center-text  x-1-1\" style=\"padding: 0px; \"  ><a  class=\"x-img x-img-link x-img-none\"  href=\"http:\/\/www.cortemasseriola.it\/web\"   data-x-element=\"extra\" data-x-params=\"{&quot;type&quot;:&quot;tooltip&quot;,&quot;trigger&quot;:&quot;hover&quot;,&quot;placement&quot;:&quot;top&quot;,&quot;title&quot;:&quot;&quot;,&quot;content&quot;:&quot;Torna al Sito&quot;}\"  data-options=\"thumbnail: 'http:\/\/www.cortemasseriola.it\/web\/wp-content\/uploads\/2016\/03\/logos_barra_ok.png'\"><img decoding=\"async\" src=\"http:\/\/www.cortemasseriola.it\/web\/wp-content\/uploads\/2016\/03\/logos_barra_ok.png\" alt=\"Corte Masseria Masseriola - ad Alberobello in Puglia\"><\/a><\/div><\/div><div  class=\"x-container   max width\" style=\"margin: 0px auto; padding: 0px; \"><div  class=\"x-column x-sm center-text  x-1-1\" style=\"padding: 0px; \"  ><img decoding=\"async\"  class=\"x-img x-img-none\"  src=\"http:\/\/www.cortemasseriola.it\/web\/wp-content\/uploads\/2016\/03\/cosa_fare.png\" alt=\"Domus Antiqua Residence - ad Alberobello in Puglia\"><\/div><\/div><div  class=\"x-container   max width\" style=\"margin: 0px auto; padding: 0px; \"><div  class=\"x-column x-sm center-text  x-1-3\" style=\"padding: 0px; \"  ><div  class=\"x-text center-text\"    ><p><a href=\"#escursioni\"><span style=\"color: #000;font-size:24px\"><strong>Escursioni<\/strong><\/span><\/a><\/p>\n<\/div><\/div><div  class=\"x-column x-sm x-1-3\" style=\"padding: 0px; \"  ><div  class=\"x-text center-text\"    ><p><a href=\"#mercati\"><span style=\"color: #000;font-size:24px\"><strong>Mercati Rionali<\/strong><\/span><\/a><\/p>\n<\/div><\/div><div  class=\"x-column x-sm x-1-3\" style=\"padding: 0px; \"  ><div  class=\"x-text center-text\"    ><p><a href=\"#festapatronale\"><span style=\"color: #000;font-size:24px\"><strong>Festa Patronale<\/strong><\/span><\/a><\/p>\n<\/div><\/div><\/div><div  class=\"x-container   max width\" style=\"margin: 0px auto; padding: 0px; \"><div  class=\"x-column x-sm center-text  x-1-1\" style=\"padding: 0px; \"  ><div  class=\"x-text\"  style=\"line-height: 1.3;text-align: justify; color: #000; font-size:14px;\"   ><p><a  style=\"color: #fff;\" name=\"escursioni\">#<\/a><br \/>\n<span style=\"; font-size:16px; \"><b>Va dove ti porta il cuore. La Puglia ti attende\u2026<\/b><br \/>\nUn magnetismo irresistibile in una terra che fa venire le vertigini con tutti i suoi colori e i paesaggi diversi. Per gli ulivi che ad ogni alito di vento si muovono. Danzano. Guardateli con la tramontana o con lo scirocco, sotto la luna piena. Vedrete le chiome che ondeggiano. Sembrano un tappeto d&#8217;argento sul quale vivere la favola \u201cdelle mille e una notte\u201d. \u00c8 una fabbrica di vento, luce forte e aria che stimola i sensi a tal punto da entrare in un &#8220;travaglio sensoriale&#8221;, meglio noto tra i viandanti come &#8220;inquietudine&#8221; che fa partorire il viaggio &#8220;PUGLIA&#8221;.<br \/>\n Alberobello, \u201ctrulliland fiabesca\u201d, patrimonio dell\u2019Unesco. Castellana Grotte. Le Dune Costiere, L\u2019Oasi di Torre Guaceto e La Selva di Fasano , tra Fasano e Ostuni, un borgo naturale in un immenso uliveto di piante millenarie che d\u00e0 sul mare. Il Canale dell\u2019Acquedotto Pugliese e la sua storia. Il Canale di Piro (o delle pire), una delle pi\u00f9 belle, in Italia, e una  delle due depressioni della Puglia insieme alla Valle d\u2019Iitria. La costa frastagliata tra Mola di Bari, Polignano a Mare e Monopoli. La Cava dei Dinosauri e il Pulo di Altamura, un\u2019immensa dolina carsica nell\u2019Alta Murgia. Una vera ode al calcare che prosegue con la citt\u00e0 sotterranea di Gravina di Puglia e la citt\u00e0 della cultura europea di Matera (in Basilicata). La Gravina di Riggio a Grottaglie, una piccola gola nella roccia all&#8217;interno della quale si trova tutto l&#8217;erbario mediterraneo, come una serra naturale su cui si affacciano antiche grotte affrescate in epoca bizantina e la cascata. La \u201cOld Bari\u201d, la Cattedrale di Trani e \u201cLa Vecchia Ferrovia del Circummarpiccolo\u201d di Taranto, vi offriranno passeggiate indienticabili. E poi il Salento.  Da vedere tutto. Da non perdere la tappa, una mattina all&#8217;alba, al faro di Punta Palascia sul Capo d&#8217;Otranto per aspettare il primo sole che tocca la penisola. Quasi 800 chilometri di costa circondata da un mare cristallino premiato da diverse bandiere blu. Con la vivacit\u00e0 del paesaggio, aspro e selvaggio delle Murge, con il suo passato attraversato da mille rotte, marittime e terrestri, che ricordano peregrinazioni memorabili, mitiche e storiche, la Puglia, terra turistica a 360 gradi, vi regaler\u00e0 storia, memoria, musica e leggenda. Trulli, parchi nazionali, riserve marine e faunistiche, grotte costiere e carsiche, gravine, Vi ATTENDONO. Strutture ricettive di altissimo livello: masserie, agriturismi, bed and breakfast, villaggi, case vacanza e residence  accoglieranno coloro che verranno e vorranno  godere delle nostre bellezze.<\/span><\/p>\n<div align=\"center\"><b>Cosa vedere:<\/b><\/div>\n<p><\/br><\/p>\n<\/div><\/div><\/div><div  class=\"x-container   max width\" style=\"margin: 0px auto; padding: 0px; \"><div  class=\"x-column x-sm center-text  x-1-2\" style=\"padding: 0px; \"  ><div  class=\"x-text\"  style=\"line-height: 1.3;text-align: justify; color: #000; font-size:14px;\"   ><div align=\"center\"><b>ALBEROBELLO<\/br><br \/><\/b><img decoding=\"async\" src=\"http:\/\/www.domusantiquaresidence.it\/web\/wp-content\/uploads\/2016\/02\/alberobello.jpg\"><\/div>\n<p><\/br><br \/>\n<b>Alberobello<\/b>, \u201ccapitale dei trulli\u201d \u00e8 una cittadina riconosciuta dall\u2019Unesco \u201cPatrimonio dell\u2019Umanit\u00e0\u201d per i suoi 1500 trulli, unici della Puglia. I trulli sono stati classificati Monumento Nazionale nel 1996, quando i rioni  Aia Piccola e Monti, i complessi Casa D\u2019Amore e Trullo Sovrano sono stati inseriti nella World Heritage List del Patrimonio Mondiale dell\u2019Unesco. Il paesaggio agrario \u00e8 caratterizzato da una folta vegetazione di mandorli ed ulivi che prospera su terreno carsico. E\u2019 dalle rocce calcaree stratificate da cui, sin dalla nascita di Alberobello, \u00e8 stato tratto il materiale per la costruzione e la copertura dei trulli. Da non perdere le passeggiate a piedi o in biciletta, per chi ama la natura, dell\u2019Acquedotto Pugliese, di cui il territorio di Alberobello ne \u00e8 attraversato da un lungo tronco. Fortemente voluta da Antonio Jatta ,la sua costruzione fu avviata nel 1906 e la citt\u00e0 di Bari, dove la prima fontana fu posta pochi giorni prima dello scoppio del primo conflitto mondiale,  oggi, pu\u00f2  darne testimonianza con il Museo dell\u2019Acquedotto Pugliese  aperto al pubblico. <\/p>\n<\/div><\/div><div  class=\"x-column x-sm x-1-2\" style=\"padding: 0px; \"  ><div  class=\"x-text\"  style=\"line-height: 1.3;text-align: justify; color: #000; font-size:14px;\"   ><div align=\"center\"><b>CASTELLANA GROTTE<\/br><br \/><\/b><img decoding=\"async\" src=\"http:\/\/www.domusantiquaresidence.it\/web\/wp-content\/uploads\/2016\/02\/castellana.jpg\"><\/div>\n<p><\/br><br \/>\nLa cittadina \u00e8 considerata la porta attraverso la quale si possono ammirare i tesori che la Puglia custodisce anche nelle segrete cavit\u00e0 del sottosuolo, a decine di metri di profondit\u00e0. Il complesso carsistico  delle grotte di Castellana \u00e8 tra i pi\u00f9 vasti d\u2019Italia e, senza dubbio, quello pi\u00f9 suggestivo e meraviglioso. Uno scenario di incomparabile bellezza, che l\u2019uomo ha saputo cogliere e valorizzare. La piccola ma attiva cittadina, a 290 s.l.m., basa la sua economia prevalentemente sul settore agricolo. Il fenomeno carsico    non si riduce solo alle stupende grotte di Castellana, ma   \u00e8  particolarmente esteso e, tra cunicoli ancora inesplorati, si addentra nelle viscere della terra, collegandosi con quelli di Putignano e Monopoli, accessibili solo a speleologi pi\u00f9 esperti. Un viaggio nelle viscere della terra, nelle grotte definite dagli studiosi le pi\u00f9 belle d\u2019Italia. Percorso di 3 km, fra stalattiti e stalagmiti dalle magiche forme fino alla Grotta Bianca. La bellezza dei trulli insieme all\u2019incanto delle grotte per esplorare mondi fantastici di Alberobello e <b>Castellana Grotte.<\/b> Ma per i bambini c\u2019\u00e8 tutto un mondo da scoprire nel Parco dei Dinosauri.<\/p>\n<\/div><\/div><\/div><div  class=\"x-container   max width\" style=\"margin: 0px auto; padding: 0px; \"><div  class=\"x-column x-sm center-text  x-1-2\" style=\"padding: 0px; \"  ><div  class=\"x-text\"  style=\"line-height: 1.3;text-align: justify; color: #000; font-size:14px;\"   ><div align=\"center\"><b>FASANO- Zoo Safari<\/br><br \/><\/b><img decoding=\"async\" src=\"http:\/\/www.domusantiquaresidence.it\/web\/wp-content\/uploads\/2016\/02\/zoosafari.jpg\"><\/div>\n<p><\/br><br \/>\nVisita al grande parco faunistico in un percorso di 120 ettari nel quale i visitatori incontrano numerosissime specie animali in libert\u00e0, muovendosi con il proprio mezzo e con la possibilit\u00e0 di fare divertenti ed emozionanti incontri ravvicinati oppure sostare nel parco magico di <b>Fasanolandia.<\/b><\/p>\n<\/div><\/div><div  class=\"x-column x-sm x-1-2\" style=\"padding: 0px; \"  ><div  class=\"x-text\"  style=\"line-height: 1.3;text-align: justify; color: #000; font-size:14px;\"   ><div align=\"center\"><b>VALLE D\u2019ITRIA<\/br><br \/><\/b><img decoding=\"async\" src=\"http:\/\/www.domusantiquaresidence.it\/web\/wp-content\/uploads\/2016\/02\/valleitria.jpg\"><\/div>\n<p><\/br><br \/>\n<b>La Valle d\u2019Itria<\/b> \u00e8 il territorio in cui si incrociano tre delle provincie della Puglia. Bari, Taranto e Brindisi; coincide con la parte inferiore dell\u2019altopiano delle Murge. Qui potrete riscoprire la storia millenaria dei contadini e dei signori. I Trulli, con il loro valore universale eccezionale, rappresentano il passare del tempo ma non della tradizione. La secolarit\u00e0 della storia viene evidenziata non solo dalla presenza di strutture create dall\u2019uomo, ma anche dai maestosi ulivi, vere e proprie sculture d\u2019arte donate dalla natura.\u2028Martina Franca, Locorotondo, Cisternino e Ostuni, sono citt\u00e0 riconosciute tra i \u201cBorghi pi\u00f9 belli d\u2019Italia\u201d. Guardando dall\u2019alto della Valle, rimarrete rapiti dal gioco di colori, il rosso della terra, il verde della rigogliosa natura  e il bianco della pietra con tramonti quasi boreali. Estesi boschi di querce, il\u201d Bosco delle Pianelle\u201d ne \u00e8 testimonianza con varie specie di animali e macchia mediterranea, circondano le molte masserie, simboli architettonici della borghesia terriera. Oasi naturali, in cui riscoprire il piacere del silenzio e del buon vivere.<\/p>\n<\/div><\/div><\/div><div  class=\"x-container   max width\" style=\"margin: 0px auto; padding: 0px; \"><div  class=\"x-column x-sm center-text  x-1-2\" style=\"padding: 0px; \"  ><div  class=\"x-text\"  style=\"line-height: 1.3;text-align: justify; color: #000; font-size:14px;\"   ><div align=\"center\"><b>MOLA DI BARI &#8211; POLIGNANO A MARE &#8211; MONOPOLI   SCAVI ARCHEOLOGICI DI EGNAZIA<\/br><br \/><\/b><img decoding=\"async\" src=\"http:\/\/www.domusantiquaresidence.it\/web\/wp-content\/uploads\/2016\/02\/polignano.jpg\"><\/div>\n<p><\/br><br \/>\nLa costa dell\u2019arte, dei castelli, del gelato, delle escursioni in barca a vela  o  in  catamarano, della storia romana lungo l\u2019antica  Via Traiana e la Atlantide del Mediterraneo(Egnazia).<\/p>\n<\/div><\/div><div  class=\"x-column x-sm x-1-2\" style=\"padding: 0px; \"  ><div  class=\"x-text\"  style=\"line-height: 1.3;text-align: justify; color: #000; font-size:14px;\"   ><div align=\"center\"><b>RUTIGLIANO<br \/> CONVERSANO<\/br><br \/><\/b><img decoding=\"async\" src=\"http:\/\/www.domusantiquaresidence.it\/web\/wp-content\/uploads\/2016\/02\/conv_rut.jpg\"><\/div>\n<p><\/br><br \/>\nDue paesi dell\u2019entroterra barese dove la cultura contadina ancora aleggia tra le stradine a braccetto con antichi profumi della cucina locale. Ma chi la f\u00e0 da padrone \u00e8 il Castello di <b>Conversano<\/b> e il Museo del Fischietto di <b>Rutigliano<\/b>. Location da non perdere.<\/p>\n<\/div><\/div><\/div><div  class=\"x-container   max width\" style=\"margin: 0px auto; padding: 0px; \"><div  class=\"x-column x-sm center-text  x-1-2\" style=\"padding: 0px; \"  ><div  class=\"x-text\"  style=\"line-height: 1.3;text-align: justify; color: #000; font-size:14px;\"   ><div align=\"center\"><b><br \/>BARI<\/br><br \/><\/b><img decoding=\"async\" src=\"http:\/\/www.domusantiquaresidence.it\/web\/wp-content\/uploads\/2016\/02\/bari.jpg\"><\/div>\n<p><\/br><br \/>\nCapoluogo di regione, ricca di arte con i suoi musei, la Basilica di San Nicola, il Teatro Petruzzelli, Il Museo dell\u2019Acquedotto Pugliese, il Castello Normanno-Svevo, La <b>Bari<\/b> Vecchia che profuma di antichi sapori della gastronomia pugliese. Trani, ridente cittadina sul mare vi offre la bellezza di uno dei pi\u00f9 bei porti d\u2019Italia, cucina e arte.<\/p>\n<\/div><\/div><div  class=\"x-column x-sm x-1-2\" style=\"padding: 0px; \"  ><div  class=\"x-text\"  style=\"line-height: 1.3;text-align: justify; color: #000; font-size:14px;\"   ><div align=\"center\"><b>MASSAFRA  &#8211; LATERZA <br \/>IL PARCO REGIONALE DELLE GRAVINE<\/br><br \/><\/b><img decoding=\"async\" src=\"http:\/\/www.domusantiquaresidence.it\/web\/wp-content\/uploads\/2016\/02\/massafra.jpg\"><\/div>\n<p><\/br><br \/>\nLa graziosa cittadina di <b>Massafra<\/b> \u00e8 situata nel cuore dell\u2019area delle gravine. Il suo territorio si espande dalla Murgia tarantina fino al Mar Ionio e presenta una grande variet\u00e0 di paesaggi con il suo castello e diverse presenze naturalistiche storiche e archeologiche.\u2028 Nelle campagne, sono presenti splendide masserie storiche, chiese rupestri e campi coltivati.<\/p>\n<\/div><\/div><\/div><div  class=\"x-container   max width\" style=\"margin: 0px auto; padding: 0px; \"><div  class=\"x-column x-sm center-text  x-1-2\" style=\"padding: 0px; \"  ><div  class=\"x-text\"  style=\"line-height: 1.3;text-align: justify; color: #000; font-size:14px;\"   ><div align=\"center\"><b>GROTTAGLIE <\/br><br \/><\/b><img decoding=\"async\" src=\"http:\/\/www.domusantiquaresidence.it\/web\/wp-content\/uploads\/2016\/02\/GROTTAGLIE.jpg\"><\/div>\n<p><\/br><br \/>\n<b>Grottaglie<\/b> sorge sul ciglio di un gradone murgiano digradante verso il mar Piccolo. La cittadina \u00e8 ben nota oltre i confini pugliesi per la produzione di ceramiche artistiche e fu proprio l\u2019abbondanza di argilla a favorire lo sviluppo dell\u2019artigianato figulino in questo centro.<\/p>\n<\/div><\/div><div  class=\"x-column x-sm x-1-2\" style=\"padding: 0px; \"  ><div  class=\"x-text\"  style=\"line-height: 1.3;text-align: justify; color: #000; font-size:14px;\"   ><div align=\"center\"><b>TARANTO<\/br><br \/><\/b><img decoding=\"async\" src=\"http:\/\/www.domusantiquaresidence.it\/web\/wp-content\/uploads\/2016\/02\/taranto.jpg\"><\/div>\n<p><\/br><br \/>\n\u00c8 sede di un grande porto industriale e commerciale, e di un arsenale della Marina Militare Italiana, nonch\u00e9 della maggiore stazione navale. \u00c8 inoltre sede di un importante centro industriale, con stabilimenti siderurgici (tra i quali il pi\u00f9 grande centro siderurgico di Europa), petrolchimici, cementiferi e di cantieristica navale.<br \/>\nVisita la citt\u00e0 ionica dalla storia antica con le sue belle vedute sul mare, il centro storico con la suggestiva Basilica di San Cataldo, il Ponte girevole e soprattutto i preziosi reperti del museo della Magna Grecia e il Castello Aragonese.<\/p>\n<\/div><\/div><\/div><div  class=\"x-container   max width\" style=\"margin: 0px auto; padding: 0px; \"><div  class=\"x-column x-sm center-text  x-1-2\" style=\"padding: 0px; \"  ><div  class=\"x-text\"  style=\"line-height: 1.3;text-align: justify; color: #000; font-size:14px;\"   ><div align=\"center\"><b>TERRE DEL SALENTO<\/br><br \/><\/b><img decoding=\"async\" src=\"http:\/\/www.domusantiquaresidence.it\/web\/wp-content\/uploads\/2016\/02\/salento.jpg\"><\/div>\n<p><\/br><br \/>\nIl <b>Salento<\/b> occupa la parte pi\u00f9 meridionale della Puglia, per questo \u00e8 denominata il tacco d\u2019Italia. Qui il mare assume tutte le sfumature del blu, che portano in evidenza il bianco caratteristico delle case, dei paesi arabeggianti, ognuno con un proprio dialetto. \u2028Ha una configurazione pianeggiante in cui si distinguono i primi rilievi delle Murge tarantine a Nord-Ovest, il Tavoliere di Lecce al centro e le ondulazioni delle Serre a Sud. \u2028Grazie alle sue caratteristiche culturali, ambientali e storiche, il Salento si \u00e8 affermato negli anni come meta di un turismo responsabile e di qualit\u00e0, in contrapposizione alle mete classiche del turismo di massa estivo. <b>Lecce<\/b>, \u201cSignora del Barocco\u201d \u00e8 il capoluogo della Penisola Salentina. E\u2019 situata  a 11 chilometri dalla costa adriatica ed a 23 da quella ionica.. La citt\u00e0 ha un aspetto molto vivace, soprattutto per le sue numerose costruzioni barocche dalla caratteristica pietra locale. Il colore caldo le d\u00e0 una identit\u00e0 ed un fascino inconfondibile. La  fioritura artistica le ha meritato il titolo di  \u201cAtene delle Puglie\u201d. Per la posizione della penisola salentina, vero ponte verso l\u2019Oriente, molte popolazioni si avvicendarono: Messapi, Japigi, Greci e Apuli. Erede della romana Lupiae, fu base del dominio bizantino e fior\u00ec soprattutto nel \u2018400.<\/p>\n<\/div><\/div><div  class=\"x-column x-sm x-1-2\" style=\"padding: 0px; \"  ><div  class=\"x-text\"  style=\"line-height: 1.3;text-align: justify; color: #000; font-size:14px;\"   ><div align=\"center\"><b>MATERA<\/br><br \/><\/b><img decoding=\"async\" src=\"http:\/\/www.domusantiquaresidence.it\/web\/wp-content\/uploads\/2016\/02\/matera.jpg\"><\/div>\n<p><\/br><br \/>\n<b>Matera<\/b> \u00e8 una citt\u00e0 unica ed affascinante (ad un\u2019ora d\u2019auto da Alberobello). Sorge addossata ad una gravina in cui sono state scavate nella roccia profonde grotte che furono le antiche abitazioni: i Sassi di Matera, che hanno ispirato poeti e scrittori tra cui Carlo Levi, nel suo romanzo \u201cCristo si \u00e8 fermato ad Eboli\u201d. Sono stati dichiarati dall\u2019Unesco patrimonio dell\u2019Umanit\u00e0. I Sassi si dividono in due parti: il Sasso Barisano, a nord e il Sasso Caveoso, a sud, divisi l\u2019uno dall\u2019altro da uno sperone di roccia.\u2028La citt\u00e0 \u201cmoderna\u201d prese posto pi\u00f9 in alto ma, ovviamente, non conserva la stessa suggestione. Le origini di Matera risalgono all\u2019VII sec., quando alcuni monaci provenienti dalla Cappadocia per sfuggire alla persecuzione di Leone l\u2019Isarco, si rifugiarono nelle cavit\u00e0 rupestri naturali, ma gi\u00e0 nel periodo neolitico esistevano insediamenti umani .Nei secoli ha seguito le stesse sorti di tutto il territorio. Fu conquistata dai Saraceni nel 994 e con i Bizantini, in un periodo relativamente pi\u00f9 tranquillo, i Sassi si ripopolarono. Negli anni \u201950, quando fu dato ordine di sfollare le grotte abitate, l\u2019insediamento dei Sassi contava oltre 15.000 persone.<\/p>\n<\/div><\/div><\/div><div  class=\"x-container   max width\" style=\"margin: 0px auto; padding: 0px; \"><div  class=\"x-column x-sm center-text  x-1-1\" style=\"padding: 0px; \"  ><div  class=\"x-text center-text\"  style=\"line-height: 1.3; color: #fff; font-size:16px;\"   ><div align=\"center\"><b>\u2026\u2026e noi saremo felici di accoglierti.<\/b><\/br><\/br><\/br><a  style=\"color: #fff;\" name=\"mercati\">#<\/a><\/p>\n<\/div><img decoding=\"async\"  class=\"x-img x-img-none\"  src=\"http:\/\/www.cortemasseriola.it\/web\/wp-content\/uploads\/2016\/03\/mercati_rionali.png\" ><\/div><\/div><div  class=\"x-container   max width\" style=\"margin: 0px auto; padding: 0px; \"><div  class=\"x-column x-sm center-text  x-1-1\" style=\"padding: 0px; \"  ><div  class=\"x-text center-text\"  style=\"line-height: 1.3; color: #000; font-size:16px;\"   ><p><b>LUNEDI&#8217;:<\/b> CISTERNINO \/  LECCE \/ LATERZA<\/br><br \/><b>MARTEDI&#8217;:<\/b> MONOPOLI \/ GIOIA DEL COLLE \/ MASSAFRA<\/br><br \/><b>MERCOLEDI&#8217;:<\/b> MARTINA F. \/ TARANTO (RIONE SALINELLA)<\/br><br \/>\n<b>GIOVEDI&#8217;:<\/b> ALBEROBELLO \/ POLIGNANO \/ BRINDISI<\/br><br \/>\n<b>VENERDI&#8217;:<\/b> CONVERSANO \/ CELLINO SAN MARCO<\/br><br \/>\n<b>SABATO:<\/b> CASTELLANA GROTTE \/ OSTUNI<\/br><br \/><\/br><br \/>\n<b>SABATO (mattina):<\/b> MONOPOLI &#8211; MERCATO  ITTICO\/ORTOFRUTTICOLO<\/br><br \/>\n<b>DOMENICA (ESTATE\/POMERIGGIO):<\/b> SAVELLETRI \/   TORRE CANNE<\/br><br \/><b>DOMENICA (mattina alle 5:00): <\/b>TARANTO MERCATINO DELLE PULCI\/FLEA MARKET<\/br><br \/>\n<b>OGNI POMERIGGIO:<\/b> MOLA DI BARI                                                        &#8211; MERCATO ITTICO<\/br><\/p>\n<div><\/br><a  style=\"color: #fff;\" name=\"festapatronale\">#<\/a><\/p>\n<\/div><img decoding=\"async\"  class=\"x-img x-img-none\"  src=\"http:\/\/www.cortemasseriola.it\/web\/wp-content\/uploads\/2016\/03\/festa_patronale.png\" ><div  class=\"x-text center-text\"  style=\"line-height: 1.3; color: #fff; font-size:16px;\"   ><\/div><img decoding=\"async\"  class=\"x-img x-img-none\"  src=\"http:\/\/www.domusantiquaresidence.it\/web\/wp-content\/uploads\/2016\/02\/santimedici_ok.jpg\" ><div  class=\"x-text center-text\"  style=\"line-height: 1.3; color: #000; font-size:16px;\"   ><p><b>Festa dei Santi Medici Cosma e Damiano<\/b><br \/>\n25, 26, 27, 28 settembre 2015<br \/>\nAlberobello (BA)<\/p>\n<\/div><div  class=\"x-text center-text\"  style=\"line-height: 1.3;text-align: justify; color: #000; font-size:16px;\"   ><p>NEI GIORNI DI FESTA IN ONORE DEI \u201dSS. MEDICI COSMA E DAMIANO\u201d,  TUTTO SI FERMA. CENTINAIA DI PELLEGRINI PROVENIENTI DA OGNI DOVE (ANCHE A PIEDI PER DEVOZIONE), SI RITROVANO IN PREGHIERA TRA VIALI  DI  BANCARELLE E  SEDUCENTI LUMINARIE. IL SUONO DELLE BANDE INVITA AD ASCOLTARE LA  MUSICA DELL\u2019OPERA ITALIANA. TUTTO CULMINA NELLA MAGICA ATMOSFERA DI PROFUMI DI ZUCCHERO FILATO E CALDARROSTE. I FUOCHI PIROTECNICI COLORANO LE PRIME NOTTI  D\u2019AUTUNNO. TUTTO ACCADE  A PARTIRE DAL 25 SETTEMBRE FINO AL 28, TRA APPUNTAMENTI CIVILI E RELIGIOSI.<\/p>\n<\/div><\/div><\/div><\/div>\n","protected":false},"excerpt":{"rendered":"Escursioni Mercati Rionali Festa Patronale # Va dove ti porta il cuore. La Puglia ti attende\u2026 Un magnetismo irresistibile in una terra che fa venire le vertigini con tutti i ...","protected":false},"author":1,"featured_media":0,"parent":6608,"menu_order":0,"comment_status":"closed","ping_status":"closed","template":"template-blank-7.php","meta":{"footnotes":""},"_links":{"self":[{"href":"https:\/\/www.cortemasseriola.it\/web\/wp-json\/wp\/v2\/pages\/6778"}],"collection":[{"href":"https:\/\/www.cortemasseriola.it\/web\/wp-json\/wp\/v2\/pages"}],"about":[{"href":"https:\/\/www.cortemasseriola.it\/web\/wp-json\/wp\/v2\/types\/page"}],"author":[{"embeddable":true,"href":"https:\/\/www.cortemasseriola.it\/web\/wp-json\/wp\/v2\/users\/1"}],"replies":[{"embeddable":true,"href":"https:\/\/www.cortemasseriola.it\/web\/wp-json\/wp\/v2\/comments?post=6778"}],"version-history":[{"count":74,"href":"https:\/\/www.cortemasseriola.it\/web\/wp-json\/wp\/v2\/pages\/6778\/revisions"}],"predecessor-version":[{"id":6980,"href":"https:\/\/www.cortemasseriola.it\/web\/wp-json\/wp\/v2\/pages\/6778\/revisions\/6980"}],"up":[{"embeddable":true,"href":"https:\/\/www.cortemasseriola.it\/web\/wp-json\/wp\/v2\/pages\/6608"}],"wp:attachment":[{"href":"https:\/\/www.cortemasseriola.it\/web\/wp-json\/wp\/v2\/media?parent=6778"}],"curies":[{"name":"wp","href":"https:\/\/api.w.org\/{rel}","templated":true}]}}